{"id":137,"date":"2020-08-19T18:56:00","date_gmt":"2020-08-19T16:56:00","guid":{"rendered":"http:\/\/koeb-stephanus.stludger-selm.de\/?page_id=137"},"modified":"2020-08-19T18:56:57","modified_gmt":"2020-08-19T16:56:57","slug":"offnungszeiten","status":"publish","type":"page","link":"https:\/\/koeb-stephanus.stludger-selm.de\/?page_id=137","title":{"rendered":"\u00d6ffnungszeiten"},"content":{"rendered":"<p>Die Katholische \u00d6ffentliche B\u00fccherei St. Stephanus ist ge\u00f6ffnet<\/p>\n<p>donnerstags von 14.30 bis 17.00 Uhr und<br \/>\nsonntags von 10.00 bis 12.30 Uhr.<\/p>\n","protected":false},"excerpt":{"rendered":"<p>Die Katholische \u00d6ffentliche B\u00fccherei St. Stephanus ist ge\u00f6ffnet donnerstags von 14.30 bis 17.00 Uhr und sonntags von 10.00 bis 12.30 Uhr.<\/p>\n","protected":false},"author":4,"featured_media":0,"parent":101,"menu_order":3,"comment_status":"closed","ping_status":"open","template":"","meta":{"footnotes":""},"class_list":["post-137","page","type-page","status-publish","hentry"],"_links":{"self":[{"href":"https:\/\/koeb-stephanus.stludger-selm.de\/index.php?rest_route=\/wp\/v2\/pages\/137","targetHints":{"allow":["GET"]}}],"collection":[{"href":"https:\/\/koeb-stephanus.stludger-selm.de\/index.php?rest_route=\/wp\/v2\/pages"}],"about":[{"href":"https:\/\/koeb-stephanus.stludger-selm.de\/index.php?rest_route=\/wp\/v2\/types\/page"}],"author":[{"embeddable":true,"href":"https:\/\/koeb-stephanus.stludger-selm.de\/index.php?rest_route=\/wp\/v2\/users\/4"}],"replies":[{"embeddable":true,"href":"https:\/\/koeb-stephanus.stludger-selm.de\/index.php?rest_route=%2Fwp%2Fv2%2Fcomments&post=137"}],"version-history":[{"count":1,"href":"https:\/\/koeb-stephanus.stludger-selm.de\/index.php?rest_route=\/wp\/v2\/pages\/137\/revisions"}],"predecessor-version":[{"id":1149,"href":"https:\/\/koeb-stephanus.stludger-selm.de\/index.php?rest_route=\/wp\/v2\/pages\/137\/revisions\/1149"}],"up":[{"embeddable":true,"href":"https:\/\/koeb-stephanus.stludger-selm.de\/index.php?rest_route=\/wp\/v2\/pages\/101"}],"wp:attachment":[{"href":"https:\/\/koeb-stephanus.stludger-selm.de\/index.php?rest_route=%2Fwp%2Fv2%2Fmedia&parent=137"}],"curies":[{"name":"wp","href":"https:\/\/api.w.org\/{rel}","templated":true}]}}