{"id":27,"date":"2013-03-16T00:00:30","date_gmt":"2013-03-15T23:00:30","guid":{"rendered":"http:\/\/koeb-stephanus.stludger-selm.de\/?page_id=27"},"modified":"2016-10-07T17:49:26","modified_gmt":"2016-10-07T15:49:26","slug":"gebuhren","status":"publish","type":"page","link":"https:\/\/koeb-stephanus.stludger-selm.de\/?page_id=27","title":{"rendered":"Geb\u00fchren"},"content":{"rendered":"<h2>Geb\u00fchrenordnung<\/h2>\n<h6>Geb\u00fchren e-Leihe inkl. Ausleihe Pr\u00e4senzb\u00fccherei:<\/h6>\n<p>Jahresgeb\u00fchr&#8230;&#8230;&#8230;&#8230;&#8230;&#8230;&#8230;&#8230;&#8230;..12,00 \u20ac<br \/>\nFamilienausweis (2 Personen)&#8230;&#8230;&#8230;..18,00 \u20ac<\/p>\n<p><strong>Geb\u00fchren f\u00fcr die Pr\u00e4senzb\u00fccherei:<\/strong><\/p>\n<p>B\u00fccher und Zeitschriften&#8230;&#8230;&#8230;&#8230;0,20 \u20ac<br \/>\nErwachsenenh\u00f6rb\u00fccher&#8230;&#8230;&#8230;&#8230;.0,50 \u20ac pro CD, max. 1,00 \u20ac<br \/>\nKinder- &amp; Jugendh\u00f6rb\u00fccher&#8230;&#8230;.0,20 \u20ac pro H\u00f6rbuch<br \/>\nDVD&#8230;&#8230;&#8230;&#8230;&#8230;&#8230;&#8230;&#8230;&#8230;&#8230;&#8230;&#8230;&#8230;1,00 \u20ac<\/p>\n<p>Die Ausleihe von Kinder- und Jugendb\u00fcchern ist kostenlos!<\/p>\n<p><strong>Vers\u00e4umnisgeb\u00fchren f\u00fcr die Pr\u00e4senzb\u00fccherei:<\/strong><\/p>\n<p>Nach \u00dcberschreiten der Leihfrist kann schriftlich oder telefonisch gemahnt werden.<br \/>\nF\u00fcr das \u00dcberschreiten der Leihfrist werden folgende Geb\u00fchren erhoben:<br \/>\na) Vers\u00e4umnisgeb\u00fchr f\u00fcr die erste Mahnung&#8230;&#8230;&#8230;2,00 \u20ac<br \/>\nb) Vers\u00e4umnisgeb\u00fchr f\u00fcr die zweite Mahnung&#8230;&#8230;.4,00 \u20ac<br \/>\nc) Dritte Mahnung&#8230;&#8230;&#8230;&#8230;&#8230;&#8230;&#8230;&#8230;&#8230;&#8230;&#8230;&#8230;&#8230;&#8230;&#8230;.Die Medien m\u00fcssen ersetzt werden.<\/p>\n","protected":false},"excerpt":{"rendered":"<p>Geb\u00fchrenordnung Geb\u00fchren e-Leihe inkl. Ausleihe Pr\u00e4senzb\u00fccherei: Jahresgeb\u00fchr&#8230;&#8230;&#8230;&#8230;&#8230;&#8230;&#8230;&#8230;&#8230;..12,00 \u20ac Familienausweis (2 Personen)&#8230;&#8230;&#8230;..18,00 \u20ac Geb\u00fchren f\u00fcr die Pr\u00e4senzb\u00fccherei: B\u00fccher und Zeitschriften&#8230;&#8230;&#8230;&#8230;0,20 \u20ac Erwachsenenh\u00f6rb\u00fccher&#8230;&#8230;&#8230;&#8230;.0,50 \u20ac pro CD, max. 1,00 \u20ac Kinder- &amp; Jugendh\u00f6rb\u00fccher&#8230;&#8230;.0,20 \u20ac pro H\u00f6rbuch DVD&#8230;&#8230;&#8230;&#8230;&#8230;&#8230;&#8230;&#8230;&#8230;&#8230;&#8230;&#8230;&#8230;1,00 \u20ac<\/p>\n","protected":false},"author":1,"featured_media":0,"parent":101,"menu_order":2,"comment_status":"closed","ping_status":"closed","template":"","meta":{"footnotes":""},"class_list":["post-27","page","type-page","status-publish","hentry"],"_links":{"self":[{"href":"https:\/\/koeb-stephanus.stludger-selm.de\/index.php?rest_route=\/wp\/v2\/pages\/27","targetHints":{"allow":["GET"]}}],"collection":[{"href":"https:\/\/koeb-stephanus.stludger-selm.de\/index.php?rest_route=\/wp\/v2\/pages"}],"about":[{"href":"https:\/\/koeb-stephanus.stludger-selm.de\/index.php?rest_route=\/wp\/v2\/types\/page"}],"author":[{"embeddable":true,"href":"https:\/\/koeb-stephanus.stludger-selm.de\/index.php?rest_route=\/wp\/v2\/users\/1"}],"replies":[{"embeddable":true,"href":"https:\/\/koeb-stephanus.stludger-selm.de\/index.php?rest_route=%2Fwp%2Fv2%2Fcomments&post=27"}],"version-history":[{"count":4,"href":"https:\/\/koeb-stephanus.stludger-selm.de\/index.php?rest_route=\/wp\/v2\/pages\/27\/revisions"}],"predecessor-version":[{"id":742,"href":"https:\/\/koeb-stephanus.stludger-selm.de\/index.php?rest_route=\/wp\/v2\/pages\/27\/revisions\/742"}],"up":[{"embeddable":true,"href":"https:\/\/koeb-stephanus.stludger-selm.de\/index.php?rest_route=\/wp\/v2\/pages\/101"}],"wp:attachment":[{"href":"https:\/\/koeb-stephanus.stludger-selm.de\/index.php?rest_route=%2Fwp%2Fv2%2Fmedia&parent=27"}],"curies":[{"name":"wp","href":"https:\/\/api.w.org\/{rel}","templated":true}]}}