{"id":657,"date":"2016-09-27T08:13:41","date_gmt":"2016-09-27T06:13:41","guid":{"rendered":"http:\/\/koeb-stephanus.stludger-selm.de\/?page_id=657"},"modified":"2017-01-20T11:58:35","modified_gmt":"2017-01-20T09:58:35","slug":"libell-e-de-e-leihe","status":"publish","type":"page","link":"https:\/\/koeb-stephanus.stludger-selm.de\/?page_id=657","title":{"rendered":"libell-e.de  (e-Leihe)"},"content":{"rendered":"<figure id=\"attachment_848\" aria-describedby=\"caption-attachment-848\" style=\"width: 400px\" class=\"wp-caption aligncenter\"><a href=\"http:\/\/www2.onleihe.de\/libell-e-drei\/frontend\/login,0-0-0-800-0-0-0-0-0-0-0.html?libraryId=2155\" target=\"_blank\"><img loading=\"lazy\" decoding=\"async\" class=\"wp-image-848 size-full\" src=\"http:\/\/koeb-stephanus.stludger-selm.de\/wp-content\/uploads\/2016\/09\/Libelle_onleihe_logo-e1484830382964.jpg\" width=\"400\" height=\"364\" \/><\/a><figcaption id=\"caption-attachment-848\" class=\"wp-caption-text\">Wenn Sie auf das Foto klicken, gelangen Sie direkt zum Ausleih-Angebot&#8230;.<\/figcaption><\/figure>\n<p>libell-e.de ist ein Angebot von kirchlichen \u00f6ffentlichen B\u00fcchereien unter Federf\u00fchrung des Borrom\u00e4usvereins e.V.<br \/>\nDas Portal <strong>libell-e.de<\/strong> erm\u00f6glicht die zeit- und ortsunabh\u00e4ngige Ausleihe einer vielf\u00e4ltigen Auswahl digitaler Medien &#8211; 365 Tage im Jahr, 24 Stunden am Tag.<\/p>\n<p><a href=\"http:\/\/koeb-stephanus.stludger-selm.de\/wp-content\/uploads\/2016\/07\/e-book.jpg\" rel=\"attachment wp-att-660\"><img loading=\"lazy\" decoding=\"async\" class=\"alignnone size-full wp-image-660\" src=\"http:\/\/koeb-stephanus.stludger-selm.de\/wp-content\/uploads\/2016\/07\/e-book.jpg\" alt=\"e-book\" width=\"80\" height=\"80\" \/><\/a>\u00a0\u00a0\u00a0\u00a0 <a href=\"http:\/\/koeb-stephanus.stludger-selm.de\/wp-content\/uploads\/2016\/07\/e-audio.jpg\" rel=\"attachment wp-att-659\"><img loading=\"lazy\" decoding=\"async\" class=\"alignnone size-full wp-image-659\" src=\"http:\/\/koeb-stephanus.stludger-selm.de\/wp-content\/uploads\/2016\/07\/e-audio.jpg\" alt=\"e-audio\" width=\"80\" height=\"80\" \/><\/a>\u00a0\u00a0\u00a0\u00a0\u00a0 <a href=\"http:\/\/koeb-stephanus.stludger-selm.de\/wp-content\/uploads\/2016\/07\/e-paper.jpg\" rel=\"attachment wp-att-661\"><img loading=\"lazy\" decoding=\"async\" class=\"alignnone size-full wp-image-661\" src=\"http:\/\/koeb-stephanus.stludger-selm.de\/wp-content\/uploads\/2016\/07\/e-paper.jpg\" alt=\"e-paper\" width=\"80\" height=\"80\" \/><\/a><\/p>\n<p><strong>e-book<\/strong>: Romane, Sachb\u00fccher, Kinder- und Jugendb\u00fccher<br \/>\n<strong>e-audio<\/strong>: H\u00f6rb\u00fccher zur Unterhaltung und Information<br \/>\n<strong>e-paper<\/strong> und <strong>e-magazin<\/p>\n<p><\/strong><\/p>\n<p><span style=\"text-decoration: underline;\"><strong>So geht&#8217;s:<\/p>\n<p><\/strong><\/span>F\u00fcr die Nutzung ben\u00f6tigen Sie einen g\u00fcltigen Ausweis der B\u00fccherei vor Ort.<br \/>\n<span style=\"color: #d41c5f;\">1.<\/span> \u00a0\u00a0<span style=\"color: #d41c5f;\"> www.libell-e.de<\/span> aufrufen<br \/>\n<span style=\"color: #d41c5f;\">2.\u00a0\u00a0\u00a0 Suchen<\/span> Sie gezielt nach einem Titel oder st\u00f6bern Sie im Katalog. Legen Sie die ausgew\u00e4hlten Medien in Ihren Medienkorb.<br \/>\n<span style=\"color: #d41c5f;\">3.\u00a0\u00a0\u00a0 Anmelden<\/span> mit der Nummer Ihres B\u00fcchereiausweises und Ihrem Passwort.<br \/>\n<span style=\"color: #d41c5f;\">4.\u00a0\u00a0\u00a0 Online ausleihen<\/span>: Laden Sie die Titel aus Ihrem Medienkorb auf Ihren PC, Tablet-PC, E-Book-Reader, MP3-Player oder Ihr Smartphone.<br \/>\n<span style=\"color: #d41c5f;\">5.\u00a0<\/span>\u00a0\u00a0 Die <span style=\"color: #d41c5f;\">R\u00fcckgabe<\/span> der Medien nach Ende der Leihfrist erfolgt automatisch.<\/p>\n<p><span style=\"text-decoration: underline;\"><strong>Wissenswertes:<\/strong><\/span><\/p>\n<p><span style=\"color: #d41c5f;\">Leihfristen:<\/span>\u00a0\u00a0\u00a0 e-book, e-audio &#8230;.. 2 Wochen \/ e-paper &#8230;.. 1 &#8211; 24 Stunden<br \/>\n<span style=\"color: #d41c5f;\">Formate:<\/span>\u00a0\u00a0\u00a0 ePUB f\u00fcr e-bokk, PDF f\u00fcr e-book und e-paper, WMA\/WMV f\u00fcr e-audio<br \/>\n<span style=\"color: #d41c5f;\">Hardware:<\/span>\u00a0\u00a0\u00a0 PC mit Internetzugang \/ E-Book-Reader, Tablet-PC, Smartphone, MP3-Player (DRM-f\u00e4hig)<br \/>\n<span style=\"color: #d41c5f;\">Software:<\/span>\u00a0\u00a0\u00a0 Adobe Digital Editions, Adobe Acrobat Reader, Windows Media Player &#8230;.. Alle Programme k\u00f6nnen Sie kostenfrei von der Webseite<span style=\"color: #d41c5f;\"> <a style=\"color: #d41c5f;\" href=\"http:\/\/www.libell-e.de\/\" target=\"_blank\">libell-e.de<\/a> <\/span>herunterladen.<\/p>\n<p><a href=\"http:\/\/koeb-stephanus.stludger-selm.de\/wp-content\/uploads\/2016\/09\/onleihe1.png\" rel=\"attachment wp-att-709\"><img loading=\"lazy\" decoding=\"async\" class=\"alignnone wp-image-709\" src=\"http:\/\/koeb-stephanus.stludger-selm.de\/wp-content\/uploads\/2016\/09\/onleihe1.png\" alt=\"onleihe1\" width=\"66\" height=\"66\" srcset=\"https:\/\/koeb-stephanus.stludger-selm.de\/wp-content\/uploads\/2016\/09\/onleihe1.png 225w, https:\/\/koeb-stephanus.stludger-selm.de\/wp-content\/uploads\/2016\/09\/onleihe1-150x150.png 150w\" sizes=\"auto, (max-width: 66px) 100vw, 66px\" \/><\/a>\u00a0\u00a0\u00a0\u00a0 Die <span style=\"color: #d41c5f;\">Onleihe-App<\/span> ist im <span style=\"color: #d41c5f;\"><a style=\"color: #d41c5f;\" href=\"https:\/\/play.google.com\/store\/apps\/details?id=de.etecture.ekz.onleihe&amp;feature=search_result\" target=\"_blank\">Google Play Store<\/a><\/span> oder im <span style=\"color: #d41c5f;\"><a style=\"color: #d41c5f;\" href=\"https:\/\/itunes.apple.com\/de\/app\/onleihe\/id422554835?mt=8\" target=\"_blank\">Apple Store<\/a><\/span> erh\u00e4ltlich.<\/p>\n<p>&nbsp;<\/p>\n","protected":false},"excerpt":{"rendered":"<p>libell-e.de ist ein Angebot von kirchlichen \u00f6ffentlichen B\u00fcchereien unter Federf\u00fchrung des Borrom\u00e4usvereins e.V. Das Portal libell-e.de erm\u00f6glicht die zeit- und ortsunabh\u00e4ngige Ausleihe einer vielf\u00e4ltigen Auswahl digitaler Medien &#8211; 365 Tage im Jahr, 24 Stunden am<\/p>\n","protected":false},"author":2,"featured_media":0,"parent":0,"menu_order":5,"comment_status":"closed","ping_status":"closed","template":"","meta":{"footnotes":""},"class_list":["post-657","page","type-page","status-publish","hentry"],"_links":{"self":[{"href":"https:\/\/koeb-stephanus.stludger-selm.de\/index.php?rest_route=\/wp\/v2\/pages\/657","targetHints":{"allow":["GET"]}}],"collection":[{"href":"https:\/\/koeb-stephanus.stludger-selm.de\/index.php?rest_route=\/wp\/v2\/pages"}],"about":[{"href":"https:\/\/koeb-stephanus.stludger-selm.de\/index.php?rest_route=\/wp\/v2\/types\/page"}],"author":[{"embeddable":true,"href":"https:\/\/koeb-stephanus.stludger-selm.de\/index.php?rest_route=\/wp\/v2\/users\/2"}],"replies":[{"embeddable":true,"href":"https:\/\/koeb-stephanus.stludger-selm.de\/index.php?rest_route=%2Fwp%2Fv2%2Fcomments&post=657"}],"version-history":[{"count":14,"href":"https:\/\/koeb-stephanus.stludger-selm.de\/index.php?rest_route=\/wp\/v2\/pages\/657\/revisions"}],"predecessor-version":[{"id":872,"href":"https:\/\/koeb-stephanus.stludger-selm.de\/index.php?rest_route=\/wp\/v2\/pages\/657\/revisions\/872"}],"wp:attachment":[{"href":"https:\/\/koeb-stephanus.stludger-selm.de\/index.php?rest_route=%2Fwp%2Fv2%2Fmedia&parent=657"}],"curies":[{"name":"wp","href":"https:\/\/api.w.org\/{rel}","templated":true}]}}