{"id":85,"date":"2013-07-11T15:52:26","date_gmt":"2013-07-11T13:52:26","guid":{"rendered":"http:\/\/koeb-stephanus.stludger-selm.de\/?page_id=85"},"modified":"2024-03-07T09:29:15","modified_gmt":"2024-03-07T07:29:15","slug":"mitarbeiter","status":"publish","type":"page","link":"https:\/\/koeb-stephanus.stludger-selm.de\/?page_id=85","title":{"rendered":"Mitarbeiter"},"content":{"rendered":"<p><img loading=\"lazy\" decoding=\"async\" class=\"size-medium wp-image-1298\" src=\"https:\/\/koeb-stephanus.stludger-selm.de\/wp-content\/uploads\/2024\/03\/2024-02-19-Mitarbeiter-Buecherei-300x178.jpg\" alt=\"\" width=\"300\" height=\"178\" srcset=\"https:\/\/koeb-stephanus.stludger-selm.de\/wp-content\/uploads\/2024\/03\/2024-02-19-Mitarbeiter-Buecherei-300x178.jpg 300w, https:\/\/koeb-stephanus.stludger-selm.de\/wp-content\/uploads\/2024\/03\/2024-02-19-Mitarbeiter-Buecherei-1024x607.jpg 1024w, https:\/\/koeb-stephanus.stludger-selm.de\/wp-content\/uploads\/2024\/03\/2024-02-19-Mitarbeiter-Buecherei-768x455.jpg 768w, https:\/\/koeb-stephanus.stludger-selm.de\/wp-content\/uploads\/2024\/03\/2024-02-19-Mitarbeiter-Buecherei.jpg 1395w\" sizes=\"auto, (max-width: 300px) 100vw, 300px\" \/><\/p>\n<p>Unser 26-k\u00f6pfiges B\u00fcchereiteam sorgt nicht nur f\u00fcr eine reibungslose Ausleihe, es ber\u00e4t Sie auch gerne \u00fcber unseren aktuellen Medienbestand und die Neuerscheinungen.<\/p>\n<p>Sollte es bei der Beantwortung Ihrer Fragen oder bei der Bedienung des PC&#8217;s einmal nicht ganz perfekt ablaufen, dann denken Sie bitte immer daran, dass die Damen und Herren alle ehrenamtlich in der B\u00fccherei t\u00e4tig sind.<\/p>\n<p>Die Ruhrnachrichten berichteten:<br \/>\n<strong>&#8222;Sortieren und Verleihen&#8220; &#8211; Blickpunkt Ehrenamt &#8211; RN, 16.10.2008<br \/>\n<\/strong><br \/>\n<a href=\"http:\/\/koeb-stephanus.stludger-selm.de\/wp-content\/uploads\/2013\/07\/2008-10-16_RN.jpg\"><img loading=\"lazy\" decoding=\"async\" class=\"alignnone size-medium wp-image-764\" src=\"http:\/\/koeb-stephanus.stludger-selm.de\/wp-content\/uploads\/2013\/07\/2008-10-16_RN-300x181.jpg\" alt=\"2008-10-16_rn\" width=\"300\" height=\"181\" srcset=\"https:\/\/koeb-stephanus.stludger-selm.de\/wp-content\/uploads\/2013\/07\/2008-10-16_RN-300x181.jpg 300w, https:\/\/koeb-stephanus.stludger-selm.de\/wp-content\/uploads\/2013\/07\/2008-10-16_RN-768x464.jpg 768w, https:\/\/koeb-stephanus.stludger-selm.de\/wp-content\/uploads\/2013\/07\/2008-10-16_RN.jpg 942w\" sizes=\"auto, (max-width: 300px) 100vw, 300px\" \/><br \/>\n<\/a><a href=\"http:\/\/koeb-stephanus.stludger-selm.de\/wp-content\/uploads\/2013\/07\/2008-10-16_RN2.jpg\"><img loading=\"lazy\" decoding=\"async\" class=\"alignnone size-medium wp-image-768\" src=\"http:\/\/koeb-stephanus.stludger-selm.de\/wp-content\/uploads\/2013\/07\/2008-10-16_RN2-240x300.jpg\" alt=\"2008-10-16_rn2\" width=\"240\" height=\"300\" srcset=\"https:\/\/koeb-stephanus.stludger-selm.de\/wp-content\/uploads\/2013\/07\/2008-10-16_RN2-240x300.jpg 240w, https:\/\/koeb-stephanus.stludger-selm.de\/wp-content\/uploads\/2013\/07\/2008-10-16_RN2.jpg 643w\" sizes=\"auto, (max-width: 240px) 100vw, 240px\" \/><\/a><\/p>\n","protected":false},"excerpt":{"rendered":"<p>Unser 26-k\u00f6pfiges B\u00fcchereiteam sorgt nicht nur f\u00fcr eine reibungslose Ausleihe, es ber\u00e4t Sie auch gerne \u00fcber unseren aktuellen Medienbestand und die Neuerscheinungen. Sollte es bei der Beantwortung Ihrer Fragen oder bei der Bedienung des PC&#8217;s<\/p>\n","protected":false},"author":2,"featured_media":0,"parent":0,"menu_order":10,"comment_status":"closed","ping_status":"closed","template":"","meta":{"footnotes":""},"class_list":["post-85","page","type-page","status-publish","hentry"],"_links":{"self":[{"href":"https:\/\/koeb-stephanus.stludger-selm.de\/index.php?rest_route=\/wp\/v2\/pages\/85","targetHints":{"allow":["GET"]}}],"collection":[{"href":"https:\/\/koeb-stephanus.stludger-selm.de\/index.php?rest_route=\/wp\/v2\/pages"}],"about":[{"href":"https:\/\/koeb-stephanus.stludger-selm.de\/index.php?rest_route=\/wp\/v2\/types\/page"}],"author":[{"embeddable":true,"href":"https:\/\/koeb-stephanus.stludger-selm.de\/index.php?rest_route=\/wp\/v2\/users\/2"}],"replies":[{"embeddable":true,"href":"https:\/\/koeb-stephanus.stludger-selm.de\/index.php?rest_route=%2Fwp%2Fv2%2Fcomments&post=85"}],"version-history":[{"count":6,"href":"https:\/\/koeb-stephanus.stludger-selm.de\/index.php?rest_route=\/wp\/v2\/pages\/85\/revisions"}],"predecessor-version":[{"id":1300,"href":"https:\/\/koeb-stephanus.stludger-selm.de\/index.php?rest_route=\/wp\/v2\/pages\/85\/revisions\/1300"}],"wp:attachment":[{"href":"https:\/\/koeb-stephanus.stludger-selm.de\/index.php?rest_route=%2Fwp%2Fv2%2Fmedia&parent=85"}],"curies":[{"name":"wp","href":"https:\/\/api.w.org\/{rel}","templated":true}]}}